{"id":118,"date":"2022-02-27T14:44:20","date_gmt":"2022-02-27T14:44:20","guid":{"rendered":"https:\/\/bixoswp.themesflat.com\/?page_id=118"},"modified":"2022-05-27T00:24:54","modified_gmt":"2022-05-27T00:24:54","slug":"home-2","status":"publish","type":"page","link":"https:\/\/clefmedeco.ca\/en\/","title":{"rendered":"Commande Cl\u00e9 Medeco Pro-Clef Inc."},"content":{"rendered":"<div data-elementor-type=\"wp-page\" data-elementor-id=\"118\" class=\"elementor elementor-118\">\n\t\t\t\t\t\t\t\t\t<section class=\"elementor-section elementor-top-section elementor-element elementor-element-f96cbb8 elementor-section-full_width elementor-section-stretched elementor-section-height-default elementor-section-height-default\" data-id=\"f96cbb8\" data-element_type=\"section\" data-settings=\"{&quot;stretch_section&quot;:&quot;section-stretched&quot;}\">\n\t\t\t\t\t\t<div class=\"elementor-container elementor-column-gap-no\">\n\t\t\t\t\t<div class=\"elementor-column elementor-col-100 elementor-top-column elementor-element elementor-element-21ab350\" data-id=\"21ab350\" data-element_type=\"column\">\n\t\t\t<div class=\"elementor-widget-wrap elementor-element-populated\">\n\t\t\t\t\t\t\t\t<section class=\"elementor-section elementor-inner-section elementor-element elementor-element-343b39e animated-slow elementor-section-boxed elementor-section-height-default elementor-section-height-default\" data-id=\"343b39e\" data-element_type=\"section\" data-settings=\"{&quot;animation&quot;:&quot;none&quot;}\">\n\t\t\t\t\t\t<div class=\"elementor-container elementor-column-gap-no\">\n\t\t\t\t\t<div class=\"elementor-column elementor-col-50 elementor-inner-column elementor-element elementor-element-2bfb9f2\" data-id=\"2bfb9f2\" data-element_type=\"column\">\n\t\t\t<div class=\"elementor-widget-wrap elementor-element-populated\">\n\t\t\t\t\t\t\t\t<div class=\"elementor-element elementor-element-4cfad0f elementor-widget elementor-widget-image\" data-id=\"4cfad0f\" data-element_type=\"widget\" data-widget_type=\"image.default\">\n\t\t\t\t<div class=\"elementor-widget-container\">\n\t\t\t<style>\/*! elementor - v3.6.5 - 27-04-2022 *\/\n.elementor-widget-image{text-align:center}.elementor-widget-image a{display:inline-block}.elementor-widget-image a img[src$=\".svg\"]{width:48px}.elementor-widget-image img{vertical-align:middle;display:inline-block}<\/style>\t\t\t\t\t\t\t\t\t\t\t\t<img loading=\"lazy\" width=\"950\" height=\"1524\" src=\"https:\/\/clefmedeco.ca\/wp-content\/uploads\/2022\/05\/Cles-Medeco.jpg\" class=\"attachment-full size-full\" alt=\"\" srcset=\"https:\/\/clefmedeco.ca\/wp-content\/uploads\/2022\/05\/Cles-Medeco.jpg 950w, https:\/\/clefmedeco.ca\/wp-content\/uploads\/2022\/05\/Cles-Medeco-187x300.jpg 187w, https:\/\/clefmedeco.ca\/wp-content\/uploads\/2022\/05\/Cles-Medeco-638x1024.jpg 638w, https:\/\/clefmedeco.ca\/wp-content\/uploads\/2022\/05\/Cles-Medeco-768x1232.jpg 768w\" sizes=\"(max-width: 950px) 100vw, 950px\" \/>\t\t\t\t\t\t\t\t\t\t\t\t\t\t\t<\/div>\n\t\t\t\t<\/div>\n\t\t\t\t\t<\/div>\n\t\t<\/div>\n\t\t\t\t<div class=\"elementor-column elementor-col-50 elementor-inner-column elementor-element elementor-element-c937e3a\" data-id=\"c937e3a\" data-element_type=\"column\">\n\t\t\t<div class=\"elementor-widget-wrap elementor-element-populated\">\n\t\t\t\t\t\t\t\t<div class=\"elementor-element elementor-element-170299c elementor-widget elementor-widget-tf-title-section\" data-id=\"170299c\" data-element_type=\"widget\" data-widget_type=\"tf-title-section.default\">\n\t\t\t\t<div class=\"elementor-widget-container\">\n\t\t\t<div id=\"tf-title-section-170299c\" class=\"tf-title-section\" data-tabid=\"170299c\"> \r\n\t\t\t\t\r\n\t\t\t<div class=\"title-section\">\r\n\t\t\t\t<h6 class=\"heading\">SECURE ONLINE ORDER<\/h6>\r\n\t\t\t\t<div class=\"sub-title\"><h2><strong>ORDER YOUR MEDECO KEY<\/strong><\/h2><\/div>\r\n\t\t\t<\/div>                \r\n            <\/div>\t\t<\/div>\n\t\t\t\t<\/div>\n\t\t\t\t<div class=\"elementor-element elementor-element-5f0665b elementor-widget elementor-widget-text-editor\" data-id=\"5f0665b\" data-element_type=\"widget\" data-widget_type=\"text-editor.default\">\n\t\t\t\t<div class=\"elementor-widget-container\">\n\t\t\t<style>\/*! elementor - v3.6.5 - 27-04-2022 *\/\n.elementor-widget-text-editor.elementor-drop-cap-view-stacked .elementor-drop-cap{background-color:#818a91;color:#fff}.elementor-widget-text-editor.elementor-drop-cap-view-framed .elementor-drop-cap{color:#818a91;border:3px solid;background-color:transparent}.elementor-widget-text-editor:not(.elementor-drop-cap-view-default) .elementor-drop-cap{margin-top:8px}.elementor-widget-text-editor:not(.elementor-drop-cap-view-default) .elementor-drop-cap-letter{width:1em;height:1em}.elementor-widget-text-editor .elementor-drop-cap{float:left;text-align:center;line-height:1;font-size:50px}.elementor-widget-text-editor .elementor-drop-cap-letter{display:inline-block}<\/style>\t\t\t\t<p><b>1) Enter the key code you are looking for and the number of keys you need.<\/b><br \/><b>2) Can't find what you are looking for? You have a question? Contact us!\u00a0<\/b><br \/><b>3) Your order will be on the way soon.<\/b><\/p><p><div class=\"forminator-ui forminator-custom-form forminator-custom-form-4322 forminator-design--flat  forminator_ajax\" data-forminator-render=\"0\" data-form=\"forminator-module-4322\"><br\/><\/div><form\n\t\t\t\tid=\"forminator-module-4322\"\n\t\t\t\tclass=\"forminator-ui forminator-custom-form forminator-custom-form-4322 forminator-design--flat  forminator_ajax\"\n\t\t\t\tmethod=\"post\"\n\t\t\t\tdata-forminator-render=\"0\"\n\t\t\t\tdata-form-id=\"4322\"\n\t\t\t\t\n\t\t\t\tdata-design=\"flat\"\n\t\t\t\t\n\t\t\t\t\n\t\t\t\t\n\t\t\t\tdata-grid=\"open\"\n\t\t\t\tenctype=\"multipart\/form-data\"\n\t\t\t\t\n\t\t\t\tstyle=\"display: none;\" action=\"\"\n\t\t\t><div class=\"forminator-response-message forminator-error\" aria-hidden=\"true\"><\/div><div class=\"forminator-row\"><div id=\"name-1\" class=\"forminator-col forminator-col-6\"><div class=\"forminator-field\"><label for=\"forminator-field-name-1\" class=\"forminator-label\">Complete name <span class=\"forminator-required\">*<\/span><\/label><input type=\"text\" name=\"name-1\" value=\"\" placeholder=\"Complete name\" id=\"forminator-field-name-1\" class=\"forminator-input forminator-name--field\" aria-required=\"true\" \/><\/div><\/div><div id=\"email-1\" class=\"forminator-col forminator-col-6\"><div class=\"forminator-field\"><label for=\"forminator-field-email-1\" class=\"forminator-label\">Email <span class=\"forminator-required\">*<\/span><\/label><input type=\"email\" name=\"email-1\" value=\"\" placeholder=\"Email\" id=\"forminator-field-email-1\" class=\"forminator-input forminator-email--field\" data-required=\"true\" aria-required=\"true\" \/><\/div><\/div><\/div><div class=\"forminator-row\"><div id=\"phone-1\" class=\"forminator-col forminator-col-12\"><div class=\"forminator-field\"><label for=\"forminator-field-phone-1\" class=\"forminator-label\">Phone number <span class=\"forminator-required\">*<\/span><\/label><input type=\"text\" name=\"phone-1\" value=\"\" placeholder=\"Phone number\" id=\"forminator-field-phone-1\" class=\"forminator-input forminator-field--phone\" data-required=\"1\" aria-required=\"true\" autocomplete=\"off\" \/><\/div><\/div><\/div><div class=\"forminator-row\"><div id=\"address-1\" class=\"forminator-col forminator-col-12\"><div class=\"forminator-row\"><div id=\"address-1-street_address\" class=\"forminator-col\"><div class=\"forminator-field\"><label for=\"forminator-field-street_address-address-1\" class=\"forminator-label\">Your address <span class=\"forminator-required\">*<\/span><\/label><input type=\"text\" name=\"address-1-street_address\" placeholder=\"Your address\" id=\"forminator-field-street_address-address-1\" class=\"forminator-input\" data-required=\"1\" aria-required=\"true\" value=\"\" \/><\/div><\/div><\/div><div class=\"forminator-row\"><div id=\"address-1-address_line\" class=\"forminator-col\"><div class=\"forminator-field\"><label for=\"forminator-field-address_line-address-1\" class=\"forminator-label\">Apartment, suite, etc. (optional)<\/label><input type=\"text\" name=\"address-1-address_line\" placeholder=\"Apartment, suite, etc. (optional)\" id=\"forminator-field-address_line-address-1\" class=\"forminator-input\" data-required=\"\" aria-required=\"false\" value=\"\" \/><\/div><\/div><\/div><div class=\"forminator-row\" data-multiple=\"true\"><div id=\"address-1-city\" class=\"forminator-col forminator-col-6\"><div class=\"forminator-field\"><label for=\"forminator-field-cityaddress-1\" class=\"forminator-label\">City <span class=\"forminator-required\">*<\/span><\/label><input type=\"text\" name=\"address-1-city\" placeholder=\"City\" id=\"forminator-field-cityaddress-1\" class=\"forminator-input\" data-required=\"1\" aria-required=\"true\" value=\"\" \/><\/div><\/div><div id=\"address-1-state\" class=\"forminator-col forminator-col-6\"><div class=\"forminator-field\"><label for=\"forminator-field-state-address-1\" class=\"forminator-label\">Province <span class=\"forminator-required\">*<\/span><\/label><input type=\"text\" name=\"address-1-state\" placeholder=\"Province\" id=\"forminator-field-state-address-1\" class=\"forminator-input\" data-required=\"1\" aria-required=\"true\" value=\"\" \/><\/div><\/div><\/div><div class=\"forminator-row\" data-multiple=\"false\"><div id=\"address-1-zip\" class=\"forminator-col forminator-col-12\"><div class=\"forminator-field\"><label for=\"forminator-field-zip-address-1\" class=\"forminator-label\">Postal code <span class=\"forminator-required\">*<\/span><\/label><input type=\"text\" name=\"address-1-zip\" placeholder=\"Postal code\" id=\"forminator-field-zip-address-1\" class=\"forminator-input\" value=\"\" \/><\/div><\/div><\/div><\/div><\/div><div class=\"forminator-row\"><div id=\"text-1\" class=\"forminator-col forminator-col-6\"><div class=\"forminator-field\"><label for=\"forminator-field-text-1\" class=\"forminator-label\">Key code <span class=\"forminator-required\">*<\/span><\/label><input type=\"text\" name=\"text-1\" value=\"\" placeholder=\"Key code\" id=\"forminator-field-text-1\" class=\"forminator-input forminator-name--field\" data-required=\"1\" \/><\/div><\/div><div id=\"number-1\" class=\"forminator-col forminator-col-6\"><div class=\"forminator-field\"><label for=\"forminator-field-number-1\" class=\"forminator-label\">Quantity of key(s) <span class=\"forminator-required\">*<\/span><\/label><input name=\"number-1\" value=\"\" placeholder=\"1\" id=\"forminator-field-number-1\" class=\"forminator-input forminator-number--field\" inputmode=\"decimal\" data-required=\"1\" data-decimals=\"0\" aria-required=\"true\" data-inputmask=\"'groupSeparator': '', 'radixPoint': '', 'digits': '0'\" type=\"number\" \/><\/div><\/div><\/div><div class=\"forminator-row\"><div id=\"textarea-1\" class=\"forminator-col forminator-col-12\"><div class=\"forminator-field\"><label for=\"forminator-field-textarea-1\" class=\"forminator-label\">Additional information (optional)<\/label><textarea name=\"textarea-1\" placeholder=\"Additional information (optional)\" id=\"forminator-field-textarea-1\" class=\"forminator-textarea\" rows=\"6\" style=\"min-height:140px;\" maxlength=\"180\" ><\/textarea><span class=\"forminator-description\"><span data-limit=\"180\" data-type=\"characters\">0 \/ 180<\/span><\/span><\/div><\/div><\/div><div class=\"forminator-row\"><div id=\"upload-1\" class=\"forminator-col forminator-col-12\"><div class=\"forminator-field\"><label for=\"forminator-field-upload-1\" class=\"forminator-label\">Picture of the key <span class=\"forminator-required\">*<\/span><\/label><div class=\"forminator-file-upload\" data-element=\"upload-1\"><input type=\"file\" name=\"upload-1\" id=\"forminator-field-upload-1\" class=\"forminator-input-file-required do-validate\" accept=\".jpg,.jpeg,.jpe,.gif,.png,.bmp,.tiff,.tif,.webp,.ico,.heic,.psd,.xcf,.svg,.svgz,.doc,.docx,.docm,.pages,.pdf\"><button id=\"forminator-field-upload-1_button\" class=\"forminator-button forminator-button-upload\" data-id=\"forminator-field-upload-1\">Choose File<\/button><span data-empty-text=\"No file chosen\">No file chosen<\/span><button class=\"forminator-button-delete\" style=\"display: none;\"><i class=\"forminator-icon-close\" aria-hidden=\"true\"><\/i><span class=\"forminator-screen-reader-only\">Delete uploaded file<\/span><\/button><\/div><\/div><\/div><\/div><div class=\"forminator-row\"><div id=\"radio-1\" class=\"forminator-col forminator-col-12\"><div role=\"radiogroup\" class=\"forminator-field\" aria-labelledby=\"forminator-radiogroup-69f4a167a2b8b-label\"><span id=\"forminator-radiogroup-69f4a167a2b8b-label\" class=\"forminator-label\">Communication preference <span class=\"forminator-required\">*<\/span><\/span><label for=\"forminator-field-radio-1-1-69f4a167a2b8b\" class=\"forminator-radio forminator-radio-inline\" title=\"Fran\u00e7ais\"><input type=\"radio\" name=\"radio-1\" value=\"Fran\u00e7ais\" id=\"forminator-field-radio-1-1-69f4a167a2b8b\" data-calculation=\"0\"  \/><span class=\"forminator-radio-bullet\" aria-hidden=\"true\"><\/span><span class=\"forminator-radio-label\">Fran\u00e7ais<\/span><\/label><label for=\"forminator-field-radio-1-2-69f4a167a2b8b\" class=\"forminator-radio forminator-radio-inline\" title=\"English\"><input type=\"radio\" name=\"radio-1\" value=\"English\" id=\"forminator-field-radio-1-2-69f4a167a2b8b\" data-calculation=\"0\"  \/><span class=\"forminator-radio-bullet\" aria-hidden=\"true\"><\/span><span class=\"forminator-radio-label\">English<\/span><\/label><\/div><\/div><\/div><input type=\"hidden\" name=\"referer_url\" value=\"\" \/><div class=\"forminator-row forminator-row-last\"><div class=\"forminator-col\"><div class=\"forminator-field\"><button class=\"forminator-button forminator-button-submit\">Place my order<\/button><\/div><\/div><\/div><input type=\"hidden\" id=\"forminator_nonce\" name=\"forminator_nonce\" value=\"c55142a7be\" \/><input type=\"hidden\" name=\"_wp_http_referer\" value=\"\/en\/wp-json\/wp\/v2\/pages\/118\" \/><input type=\"hidden\" name=\"form_id\" value=\"4322\"><input type=\"hidden\" name=\"page_id\" value=\"118\"><input type=\"hidden\" name=\"form_type\" value=\"default\"><input type=\"hidden\" name=\"current_url\" value=\"https:\/\/clefmedeco.ca\/en\/wp-json\/wp\/v2\/pages\/118\/\"><input type=\"hidden\" name=\"render_id\" value=\"0\"><input type=\"hidden\" name=\"action\" value=\"forminator_submit_form_custom-forms\"><label for=\"input_10\" class=\"forminator-hidden\" aria-hidden=\"true\">Please do not fill in this field. <input id=\"input_10\" type=\"text\" name=\"input_10\" value=\"\" autocomplete=\"off\"><\/label><input type=\"hidden\" name=\"trp-form-language\" value=\"en\"\/><\/form><\/p>\t\t\t\t\t\t<\/div>\n\t\t\t\t<\/div>\n\t\t\t\t\t<\/div>\n\t\t<\/div>\n\t\t\t\t\t\t\t<\/div>\n\t\t<\/section>\n\t\t\t\t\t<\/div>\n\t\t<\/div>\n\t\t\t\t\t\t\t<\/div>\n\t\t<\/section>\n\t\t\t\t\t\t\t<\/div>","protected":false},"excerpt":{"rendered":"<p>COMMANDE EN LIGNE S\u00c9CURIS\u00c9E COMMANDEZ VOTRE CL\u00c9 MEDECO 1) Entrez le code de la cl\u00e9 que vous recherchez et le nombre de cl\u00e9s dont vous avez besoin.2) Vous ne trouvez pas ce que vous recherchez? Vous avez une question? Contactez-nous!\u00a03) Votre commande sera bient\u00f4t sur le chemin.<\/p>","protected":false},"author":1,"featured_media":0,"parent":0,"menu_order":0,"comment_status":"closed","ping_status":"closed","template":"","meta":[],"yoast_head":"<!-- This site is optimized with the Yoast SEO plugin v18.9 - https:\/\/yoast.com\/wordpress\/plugins\/seo\/ -->\n<title>Commandes Pro-Clef Inc. | Expert en s\u00e9curit\u00e9 Rive-Sud et Montr\u00e9al<\/title>\n<meta name=\"description\" content=\"Dans le domaine depuis 1975, Pro-Clef Inc. saura g\u00e9rer vos commandes de cl\u00e9s Medeco en quelques clics. Passez votre commande d\u00e8s maintenant!\" \/>\n<meta name=\"robots\" content=\"index, follow, max-snippet:-1, max-image-preview:large, max-video-preview:-1\" \/>\n<link rel=\"canonical\" href=\"https:\/\/clefmedeco.ca\/en\/\" \/>\n<meta property=\"og:locale\" content=\"en_US\" \/>\n<meta property=\"og:type\" content=\"article\" \/>\n<meta property=\"og:title\" content=\"Commandes Pro-Clef Inc. | Expert en s\u00e9curit\u00e9 Rive-Sud et Montr\u00e9al\" \/>\n<meta property=\"og:description\" content=\"Dans le domaine depuis 1975, Pro-Clef Inc. saura g\u00e9rer vos commandes de cl\u00e9s Medeco en quelques clics. Passez votre commande d\u00e8s maintenant!\" \/>\n<meta property=\"og:url\" content=\"https:\/\/clefmedeco.ca\/en\/\" \/>\n<meta property=\"og:site_name\" content=\"Commandes Medeco Pro-Clef Inc.\" \/>\n<meta property=\"article:modified_time\" content=\"2022-05-27T00:24:54+00:00\" \/>\n<meta property=\"og:image\" content=\"https:\/\/clefmedeco.ca\/wp-content\/uploads\/2022\/05\/Pro-clef-Medeco-Social-Banner.jpg\" \/>\n\t<meta property=\"og:image:width\" content=\"1920\" \/>\n\t<meta property=\"og:image:height\" content=\"1080\" \/>\n\t<meta property=\"og:image:type\" content=\"image\/jpeg\" \/>\n<meta name=\"twitter:card\" content=\"summary_large_image\" \/>\n<meta name=\"twitter:title\" content=\"Commandes Pro-Clef Inc. | Expert en s\u00e9curit\u00e9 Rive-Sud et Montr\u00e9al\" \/>\n<meta name=\"twitter:description\" content=\"Dans le domaine depuis 1975, Pro-Clef Inc. saura g\u00e9rer vos commandes de cl\u00e9s Medeco en quelques clics. Passez votre commande d\u00e8s maintenant!\" \/>\n<meta name=\"twitter:image\" content=\"https:\/\/clefmedeco.ca\/wp-content\/uploads\/2022\/05\/Pro-clef-Medeco-Social-Banner.jpg\" \/>\n<meta name=\"twitter:label1\" content=\"Est. reading time\" \/>\n\t<meta name=\"twitter:data1\" content=\"7 minutes\" \/>\n<script type=\"application\/ld+json\" class=\"yoast-schema-graph\">{\"@context\":\"https:\/\/schema.org\",\"@graph\":[{\"@type\":\"Organization\",\"@id\":\"https:\/\/clefmedeco.ca\/#organization\",\"name\":\"Pro-Clef Inc.\",\"url\":\"https:\/\/clefmedeco.ca\/\",\"sameAs\":[],\"logo\":{\"@type\":\"ImageObject\",\"inLanguage\":\"en-US\",\"@id\":\"https:\/\/clefmedeco.ca\/#\/schema\/logo\/image\/\",\"url\":\"https:\/\/clefmedeco.ca\/wp-content\/uploads\/2022\/05\/proclef-medeco2.png\",\"contentUrl\":\"https:\/\/clefmedeco.ca\/wp-content\/uploads\/2022\/05\/proclef-medeco2.png\",\"width\":4082,\"height\":780,\"caption\":\"Pro-Clef Inc.\"},\"image\":{\"@id\":\"https:\/\/clefmedeco.ca\/#\/schema\/logo\/image\/\"}},{\"@type\":\"WebSite\",\"@id\":\"https:\/\/clefmedeco.ca\/#website\",\"url\":\"https:\/\/clefmedeco.ca\/\",\"name\":\"Commandes Medeco Pro-Clef Inc.\",\"description\":\"Expert en s\u00e9curit\u00e9 Rive-Sud et Montr\u00e9al\",\"publisher\":{\"@id\":\"https:\/\/clefmedeco.ca\/#organization\"},\"potentialAction\":[{\"@type\":\"SearchAction\",\"target\":{\"@type\":\"EntryPoint\",\"urlTemplate\":\"https:\/\/clefmedeco.ca\/?s={search_term_string}\"},\"query-input\":\"required name=search_term_string\"}],\"inLanguage\":\"en-US\"},{\"@type\":\"ImageObject\",\"inLanguage\":\"en-US\",\"@id\":\"https:\/\/clefmedeco.ca\/#primaryimage\",\"url\":\"https:\/\/clefmedeco.ca\/wp-content\/uploads\/2022\/05\/Pro-clef-Medeco-Social-Banner.jpg\",\"contentUrl\":\"https:\/\/clefmedeco.ca\/wp-content\/uploads\/2022\/05\/Pro-clef-Medeco-Social-Banner.jpg\",\"width\":1920,\"height\":1080},{\"@type\":\"WebPage\",\"@id\":\"https:\/\/clefmedeco.ca\/#webpage\",\"url\":\"https:\/\/clefmedeco.ca\/\",\"name\":\"Commandes Pro-Clef Inc. | Expert en s\u00e9curit\u00e9 Rive-Sud et Montr\u00e9al\",\"isPartOf\":{\"@id\":\"https:\/\/clefmedeco.ca\/#website\"},\"primaryImageOfPage\":{\"@id\":\"https:\/\/clefmedeco.ca\/#primaryimage\"},\"datePublished\":\"2022-02-27T14:44:20+00:00\",\"dateModified\":\"2022-05-27T00:24:54+00:00\",\"description\":\"Dans le domaine depuis 1975, Pro-Clef Inc. saura g\u00e9rer vos commandes de cl\u00e9s Medeco en quelques clics. Passez votre commande d\u00e8s maintenant!\",\"breadcrumb\":{\"@id\":\"https:\/\/clefmedeco.ca\/#breadcrumb\"},\"inLanguage\":\"en-US\",\"potentialAction\":[{\"@type\":\"ReadAction\",\"target\":[\"https:\/\/clefmedeco.ca\/\"]}]},{\"@type\":\"BreadcrumbList\",\"@id\":\"https:\/\/clefmedeco.ca\/#breadcrumb\",\"itemListElement\":[{\"@type\":\"ListItem\",\"position\":1,\"name\":\"Home\",\"item\":\"https:\/\/clefmedeco.ca\/\"},{\"@type\":\"ListItem\",\"position\":2,\"name\":\"Commande Cl\u00e9 Medeco Pro-Clef Inc.\"}]}]}<\/script>\n<!-- \/ Yoast SEO plugin. -->","yoast_head_json":{"title":"Commandes Pro-Clef Inc. | Expert en s\u00e9curit\u00e9 Rive-Sud et Montr\u00e9al","description":"Dans le domaine depuis 1975, Pro-Clef Inc. saura g\u00e9rer vos commandes de cl\u00e9s Medeco en quelques clics. Passez votre commande d\u00e8s maintenant!","robots":{"index":"index","follow":"follow","max-snippet":"max-snippet:-1","max-image-preview":"max-image-preview:large","max-video-preview":"max-video-preview:-1"},"canonical":"https:\/\/clefmedeco.ca\/en\/","og_locale":"en_US","og_type":"article","og_title":"Commandes Pro-Clef Inc. | Expert en s\u00e9curit\u00e9 Rive-Sud et Montr\u00e9al","og_description":"Dans le domaine depuis 1975, Pro-Clef Inc. saura g\u00e9rer vos commandes de cl\u00e9s Medeco en quelques clics. Passez votre commande d\u00e8s maintenant!","og_url":"https:\/\/clefmedeco.ca\/en\/","og_site_name":"Commandes Medeco Pro-Clef Inc.","article_modified_time":"2022-05-27T00:24:54+00:00","og_image":[{"width":1920,"height":1080,"url":"https:\/\/clefmedeco.ca\/wp-content\/uploads\/2022\/05\/Pro-clef-Medeco-Social-Banner.jpg","type":"image\/jpeg"}],"twitter_card":"summary_large_image","twitter_title":"Commandes Pro-Clef Inc. | Expert en s\u00e9curit\u00e9 Rive-Sud et Montr\u00e9al","twitter_description":"Dans le domaine depuis 1975, Pro-Clef Inc. saura g\u00e9rer vos commandes de cl\u00e9s Medeco en quelques clics. Passez votre commande d\u00e8s maintenant!","twitter_image":"https:\/\/clefmedeco.ca\/wp-content\/uploads\/2022\/05\/Pro-clef-Medeco-Social-Banner.jpg","twitter_misc":{"Est. reading time":"7 minutes"},"schema":{"@context":"https:\/\/schema.org","@graph":[{"@type":"Organization","@id":"https:\/\/clefmedeco.ca\/#organization","name":"Pro-Clef Inc.","url":"https:\/\/clefmedeco.ca\/","sameAs":[],"logo":{"@type":"ImageObject","inLanguage":"en-US","@id":"https:\/\/clefmedeco.ca\/#\/schema\/logo\/image\/","url":"https:\/\/clefmedeco.ca\/wp-content\/uploads\/2022\/05\/proclef-medeco2.png","contentUrl":"https:\/\/clefmedeco.ca\/wp-content\/uploads\/2022\/05\/proclef-medeco2.png","width":4082,"height":780,"caption":"Pro-Clef Inc."},"image":{"@id":"https:\/\/clefmedeco.ca\/#\/schema\/logo\/image\/"}},{"@type":"WebSite","@id":"https:\/\/clefmedeco.ca\/#website","url":"https:\/\/clefmedeco.ca\/","name":"Commandes Medeco Pro-Clef Inc.","description":"Expert en s\u00e9curit\u00e9 Rive-Sud et Montr\u00e9al","publisher":{"@id":"https:\/\/clefmedeco.ca\/#organization"},"potentialAction":[{"@type":"SearchAction","target":{"@type":"EntryPoint","urlTemplate":"https:\/\/clefmedeco.ca\/?s={search_term_string}"},"query-input":"required name=search_term_string"}],"inLanguage":"en-US"},{"@type":"ImageObject","inLanguage":"en-US","@id":"https:\/\/clefmedeco.ca\/#primaryimage","url":"https:\/\/clefmedeco.ca\/wp-content\/uploads\/2022\/05\/Pro-clef-Medeco-Social-Banner.jpg","contentUrl":"https:\/\/clefmedeco.ca\/wp-content\/uploads\/2022\/05\/Pro-clef-Medeco-Social-Banner.jpg","width":1920,"height":1080},{"@type":"WebPage","@id":"https:\/\/clefmedeco.ca\/#webpage","url":"https:\/\/clefmedeco.ca\/","name":"Commandes Pro-Clef Inc. | Expert en s\u00e9curit\u00e9 Rive-Sud et Montr\u00e9al","isPartOf":{"@id":"https:\/\/clefmedeco.ca\/#website"},"primaryImageOfPage":{"@id":"https:\/\/clefmedeco.ca\/#primaryimage"},"datePublished":"2022-02-27T14:44:20+00:00","dateModified":"2022-05-27T00:24:54+00:00","description":"Dans le domaine depuis 1975, Pro-Clef Inc. saura g\u00e9rer vos commandes de cl\u00e9s Medeco en quelques clics. Passez votre commande d\u00e8s maintenant!","breadcrumb":{"@id":"https:\/\/clefmedeco.ca\/#breadcrumb"},"inLanguage":"en-US","potentialAction":[{"@type":"ReadAction","target":["https:\/\/clefmedeco.ca\/"]}]},{"@type":"BreadcrumbList","@id":"https:\/\/clefmedeco.ca\/#breadcrumb","itemListElement":[{"@type":"ListItem","position":1,"name":"Home","item":"https:\/\/clefmedeco.ca\/"},{"@type":"ListItem","position":2,"name":"Commande Cl\u00e9 Medeco Pro-Clef Inc."}]}]}},"_links":{"self":[{"href":"https:\/\/clefmedeco.ca\/en\/wp-json\/wp\/v2\/pages\/118"}],"collection":[{"href":"https:\/\/clefmedeco.ca\/en\/wp-json\/wp\/v2\/pages"}],"about":[{"href":"https:\/\/clefmedeco.ca\/en\/wp-json\/wp\/v2\/types\/page"}],"author":[{"embeddable":true,"href":"https:\/\/clefmedeco.ca\/en\/wp-json\/wp\/v2\/users\/1"}],"replies":[{"embeddable":true,"href":"https:\/\/clefmedeco.ca\/en\/wp-json\/wp\/v2\/comments?post=118"}],"version-history":[{"count":159,"href":"https:\/\/clefmedeco.ca\/en\/wp-json\/wp\/v2\/pages\/118\/revisions"}],"predecessor-version":[{"id":4405,"href":"https:\/\/clefmedeco.ca\/en\/wp-json\/wp\/v2\/pages\/118\/revisions\/4405"}],"wp:attachment":[{"href":"https:\/\/clefmedeco.ca\/en\/wp-json\/wp\/v2\/media?parent=118"}],"curies":[{"name":"wp","href":"https:\/\/api.w.org\/{rel}","templated":true}]}}